{"id":274,"date":"2023-08-02T11:07:35","date_gmt":"2023-08-02T09:07:35","guid":{"rendered":"https:\/\/thinkandfood.com\/aprovisionamiento-global\/"},"modified":"2025-06-06T11:17:15","modified_gmt":"2025-06-06T09:17:15","slug":"aprovisionamiento-global","status":"publish","type":"page","link":"https:\/\/thinkandfood.com\/es\/aprovisionamiento-global\/","title":{"rendered":"Aprovisionamiento global"},"content":{"rendered":"\t\t<div data-elementor-type=\"wp-page\" data-elementor-id=\"274\" class=\"elementor elementor-274 elementor-31\">\n\t\t\t\t\t\t\t\t\t<section class=\"elementor-section elementor-top-section elementor-element elementor-element-16fac98 elementor-section-full_width elementor-section-height-min-height elementor-reverse-mobile elementor-section-height-default elementor-section-items-middle\" data-id=\"16fac98\" data-element_type=\"section\" data-settings=\"{&quot;background_background&quot;:&quot;classic&quot;}\">\n\t\t\t\t\t\t<div class=\"elementor-container elementor-column-gap-default\">\n\t\t\t\t\t<div class=\"elementor-column elementor-col-50 elementor-top-column elementor-element elementor-element-6d11488\" data-id=\"6d11488\" data-element_type=\"column\">\n\t\t\t<div class=\"elementor-widget-wrap\">\n\t\t\t\t\t\t\t\t\t<\/div>\n\t\t<\/div>\n\t\t\t\t<div class=\"elementor-column elementor-col-50 elementor-top-column elementor-element elementor-element-fc5e6f7\" data-id=\"fc5e6f7\" data-element_type=\"column\">\n\t\t\t<div class=\"elementor-widget-wrap elementor-element-populated\">\n\t\t\t\t\t\t\t\t<div class=\"elementor-element elementor-element-e40e416 elementor-widget elementor-widget-heading\" data-id=\"e40e416\" data-element_type=\"widget\" data-widget_type=\"heading.default\">\n\t\t\t\t<div class=\"elementor-widget-container\">\n\t\t\t<style>\/*! elementor - v3.12.1 - 02-04-2023 *\/\n.elementor-heading-title{padding:0;margin:0;line-height:1}.elementor-widget-heading .elementor-heading-title[class*=elementor-size-]>a{color:inherit;font-size:inherit;line-height:inherit}.elementor-widget-heading .elementor-heading-title.elementor-size-small{font-size:15px}.elementor-widget-heading .elementor-heading-title.elementor-size-medium{font-size:19px}.elementor-widget-heading .elementor-heading-title.elementor-size-large{font-size:29px}.elementor-widget-heading .elementor-heading-title.elementor-size-xl{font-size:39px}.elementor-widget-heading .elementor-heading-title.elementor-size-xxl{font-size:59px}<\/style><h1 class=\"elementor-heading-title elementor-size-default\">Un mundo sin fronteras<\/h1>\t\t<\/div>\n\t\t\t\t<\/div>\n\t\t\t\t<div class=\"elementor-element elementor-element-8333a35 elementor-widget elementor-widget-text-editor\" data-id=\"8333a35\" data-element_type=\"widget\" data-widget_type=\"text-editor.default\">\n\t\t\t\t<div class=\"elementor-widget-container\">\n\t\t\t<style>\/*! elementor - v3.12.1 - 02-04-2023 *\/\n.elementor-widget-text-editor.elementor-drop-cap-view-stacked .elementor-drop-cap{background-color:#69727d;color:#fff}.elementor-widget-text-editor.elementor-drop-cap-view-framed .elementor-drop-cap{color:#69727d;border:3px solid;background-color:transparent}.elementor-widget-text-editor:not(.elementor-drop-cap-view-default) .elementor-drop-cap{margin-top:8px}.elementor-widget-text-editor:not(.elementor-drop-cap-view-default) .elementor-drop-cap-letter{width:1em;height:1em}.elementor-widget-text-editor .elementor-drop-cap{float:left;text-align:center;line-height:1;font-size:50px}.elementor-widget-text-editor .elementor-drop-cap-letter{display:inline-block}<\/style>\t\t\t\t<p>Nuestra misi\u00f3n es ayudar a nuestros clientes a mejorar su competitividad y rentabilidad accediendo a los mejores proveedores alimentarios de Espa\u00f1a.<\/p><p>Tenemos amplia experiencia y conocimientos en el mercado mundial, as\u00ed como una red de socios estrat\u00e9gicos en Europa. Ofrecemos servicios personalizados y adaptados a las necesidades de cada cliente, desde la b\u00fasqueda y selecci\u00f3n de proveedores, hasta el control de calidad, la log\u00edstica y el transporte.<\/p>\t\t\t\t\t\t<\/div>\n\t\t\t\t<\/div>\n\t\t\t\t\t<\/div>\n\t\t<\/div>\n\t\t\t\t\t\t\t<\/div>\n\t\t<\/section>\n\t\t\t\t\t\t\t<\/div>\n\t\t","protected":false},"excerpt":{"rendered":"<p>Un mundo sin fronteras Nuestra misi\u00f3n es ayudar a nuestros clientes a mejorar su competitividad y rentabilidad accediendo a los mejores proveedores alimentarios de Espa\u00f1a. Tenemos amplia experiencia y conocimientos en el mercado mundial, as\u00ed como una red de socios estrat\u00e9gicos en Europa. Ofrecemos servicios personalizados y adaptados a las necesidades de cada cliente, desde [&hellip;]<\/p>\n","protected":false},"author":1,"featured_media":0,"parent":0,"menu_order":0,"comment_status":"closed","ping_status":"closed","template":"","meta":{"inline_featured_image":false,"footnotes":""},"class_list":["post-274","page","type-page","status-publish","hentry"],"yoast_head":"<!-- This site is optimized with the Yoast SEO plugin v20.12 - https:\/\/yoast.com\/wordpress\/plugins\/seo\/ -->\n<title>Aprovisionamiento global - Think&amp;Food<\/title>\n<meta name=\"robots\" content=\"index, follow, max-snippet:-1, max-image-preview:large, max-video-preview:-1\" \/>\n<link rel=\"canonical\" href=\"https:\/\/thinkandfood.com\/es\/aprovisionamiento-global\/\" \/>\n<meta property=\"og:locale\" content=\"es_ES\" \/>\n<meta property=\"og:type\" content=\"article\" \/>\n<meta property=\"og:title\" content=\"Aprovisionamiento global - Think&amp;Food\" \/>\n<meta property=\"og:description\" content=\"Un mundo sin fronteras Nuestra misi\u00f3n es ayudar a nuestros clientes a mejorar su competitividad y rentabilidad accediendo a los mejores proveedores alimentarios de Espa\u00f1a. Tenemos amplia experiencia y conocimientos en el mercado mundial, as\u00ed como una red de socios estrat\u00e9gicos en Europa. Ofrecemos servicios personalizados y adaptados a las necesidades de cada cliente, desde [&hellip;]\" \/>\n<meta property=\"og:url\" content=\"https:\/\/thinkandfood.com\/es\/aprovisionamiento-global\/\" \/>\n<meta property=\"og:site_name\" content=\"Think&amp;Food\" \/>\n<meta property=\"article:modified_time\" content=\"2025-06-06T09:17:15+00:00\" \/>\n<meta property=\"og:image\" content=\"https:\/\/thinkandfood.com\/wp-content\/uploads\/2023\/08\/logo-think-food-1200.jpg\" \/>\n\t<meta property=\"og:image:width\" content=\"1200\" \/>\n\t<meta property=\"og:image:height\" content=\"675\" \/>\n\t<meta property=\"og:image:type\" content=\"image\/jpeg\" \/>\n<meta name=\"twitter:card\" content=\"summary_large_image\" \/>\n<script type=\"application\/ld+json\" class=\"yoast-schema-graph\">{\"@context\":\"https:\/\/schema.org\",\"@graph\":[{\"@type\":\"WebPage\",\"@id\":\"https:\/\/thinkandfood.com\/es\/aprovisionamiento-global\/\",\"url\":\"https:\/\/thinkandfood.com\/es\/aprovisionamiento-global\/\",\"name\":\"Aprovisionamiento global - Think&amp;Food\",\"isPartOf\":{\"@id\":\"https:\/\/thinkandfood.com\/es\/#website\"},\"datePublished\":\"2023-08-02T09:07:35+00:00\",\"dateModified\":\"2025-06-06T09:17:15+00:00\",\"breadcrumb\":{\"@id\":\"https:\/\/thinkandfood.com\/es\/aprovisionamiento-global\/#breadcrumb\"},\"inLanguage\":\"es\",\"potentialAction\":[{\"@type\":\"ReadAction\",\"target\":[\"https:\/\/thinkandfood.com\/es\/aprovisionamiento-global\/\"]}]},{\"@type\":\"BreadcrumbList\",\"@id\":\"https:\/\/thinkandfood.com\/es\/aprovisionamiento-global\/#breadcrumb\",\"itemListElement\":[{\"@type\":\"ListItem\",\"position\":1,\"name\":\"Home\",\"item\":\"https:\/\/thinkandfood.com\/es\/inicio\/\"},{\"@type\":\"ListItem\",\"position\":2,\"name\":\"Aprovisionamiento global\"}]},{\"@type\":\"WebSite\",\"@id\":\"https:\/\/thinkandfood.com\/es\/#website\",\"url\":\"https:\/\/thinkandfood.com\/es\/\",\"name\":\"Think&Food\",\"description\":\"Un mundo sin fronteras\",\"publisher\":{\"@id\":\"https:\/\/thinkandfood.com\/es\/#organization\"},\"potentialAction\":[{\"@type\":\"SearchAction\",\"target\":{\"@type\":\"EntryPoint\",\"urlTemplate\":\"https:\/\/thinkandfood.com\/es\/?s={search_term_string}\"},\"query-input\":\"required name=search_term_string\"}],\"inLanguage\":\"es\"},{\"@type\":\"Organization\",\"@id\":\"https:\/\/thinkandfood.com\/es\/#organization\",\"name\":\"Think&Food\",\"url\":\"https:\/\/thinkandfood.com\/es\/\",\"logo\":{\"@type\":\"ImageObject\",\"inLanguage\":\"es\",\"@id\":\"https:\/\/thinkandfood.com\/es\/#\/schema\/logo\/image\/\",\"url\":\"https:\/\/thinkandfood.com\/wp-content\/uploads\/2023\/08\/logo-think-food-696.jpg\",\"contentUrl\":\"https:\/\/thinkandfood.com\/wp-content\/uploads\/2023\/08\/logo-think-food-696.jpg\",\"width\":696,\"height\":696,\"caption\":\"Think&Food\"},\"image\":{\"@id\":\"https:\/\/thinkandfood.com\/es\/#\/schema\/logo\/image\/\"}}]}<\/script>\n<!-- \/ Yoast SEO plugin. -->","yoast_head_json":{"title":"Aprovisionamiento global - Think&amp;Food","robots":{"index":"index","follow":"follow","max-snippet":"max-snippet:-1","max-image-preview":"max-image-preview:large","max-video-preview":"max-video-preview:-1"},"canonical":"https:\/\/thinkandfood.com\/es\/aprovisionamiento-global\/","og_locale":"es_ES","og_type":"article","og_title":"Aprovisionamiento global - Think&amp;Food","og_description":"Un mundo sin fronteras Nuestra misi\u00f3n es ayudar a nuestros clientes a mejorar su competitividad y rentabilidad accediendo a los mejores proveedores alimentarios de Espa\u00f1a. Tenemos amplia experiencia y conocimientos en el mercado mundial, as\u00ed como una red de socios estrat\u00e9gicos en Europa. Ofrecemos servicios personalizados y adaptados a las necesidades de cada cliente, desde [&hellip;]","og_url":"https:\/\/thinkandfood.com\/es\/aprovisionamiento-global\/","og_site_name":"Think&amp;Food","article_modified_time":"2025-06-06T09:17:15+00:00","og_image":[{"width":1200,"height":675,"url":"https:\/\/thinkandfood.com\/wp-content\/uploads\/2023\/08\/logo-think-food-1200.jpg","type":"image\/jpeg"}],"twitter_card":"summary_large_image","schema":{"@context":"https:\/\/schema.org","@graph":[{"@type":"WebPage","@id":"https:\/\/thinkandfood.com\/es\/aprovisionamiento-global\/","url":"https:\/\/thinkandfood.com\/es\/aprovisionamiento-global\/","name":"Aprovisionamiento global - Think&amp;Food","isPartOf":{"@id":"https:\/\/thinkandfood.com\/es\/#website"},"datePublished":"2023-08-02T09:07:35+00:00","dateModified":"2025-06-06T09:17:15+00:00","breadcrumb":{"@id":"https:\/\/thinkandfood.com\/es\/aprovisionamiento-global\/#breadcrumb"},"inLanguage":"es","potentialAction":[{"@type":"ReadAction","target":["https:\/\/thinkandfood.com\/es\/aprovisionamiento-global\/"]}]},{"@type":"BreadcrumbList","@id":"https:\/\/thinkandfood.com\/es\/aprovisionamiento-global\/#breadcrumb","itemListElement":[{"@type":"ListItem","position":1,"name":"Home","item":"https:\/\/thinkandfood.com\/es\/inicio\/"},{"@type":"ListItem","position":2,"name":"Aprovisionamiento global"}]},{"@type":"WebSite","@id":"https:\/\/thinkandfood.com\/es\/#website","url":"https:\/\/thinkandfood.com\/es\/","name":"Think&Food","description":"Un mundo sin fronteras","publisher":{"@id":"https:\/\/thinkandfood.com\/es\/#organization"},"potentialAction":[{"@type":"SearchAction","target":{"@type":"EntryPoint","urlTemplate":"https:\/\/thinkandfood.com\/es\/?s={search_term_string}"},"query-input":"required name=search_term_string"}],"inLanguage":"es"},{"@type":"Organization","@id":"https:\/\/thinkandfood.com\/es\/#organization","name":"Think&Food","url":"https:\/\/thinkandfood.com\/es\/","logo":{"@type":"ImageObject","inLanguage":"es","@id":"https:\/\/thinkandfood.com\/es\/#\/schema\/logo\/image\/","url":"https:\/\/thinkandfood.com\/wp-content\/uploads\/2023\/08\/logo-think-food-696.jpg","contentUrl":"https:\/\/thinkandfood.com\/wp-content\/uploads\/2023\/08\/logo-think-food-696.jpg","width":696,"height":696,"caption":"Think&Food"},"image":{"@id":"https:\/\/thinkandfood.com\/es\/#\/schema\/logo\/image\/"}}]}},"_links":{"self":[{"href":"https:\/\/thinkandfood.com\/es\/wp-json\/wp\/v2\/pages\/274","targetHints":{"allow":["GET"]}}],"collection":[{"href":"https:\/\/thinkandfood.com\/es\/wp-json\/wp\/v2\/pages"}],"about":[{"href":"https:\/\/thinkandfood.com\/es\/wp-json\/wp\/v2\/types\/page"}],"author":[{"embeddable":true,"href":"https:\/\/thinkandfood.com\/es\/wp-json\/wp\/v2\/users\/1"}],"replies":[{"embeddable":true,"href":"https:\/\/thinkandfood.com\/es\/wp-json\/wp\/v2\/comments?post=274"}],"version-history":[{"count":1,"href":"https:\/\/thinkandfood.com\/es\/wp-json\/wp\/v2\/pages\/274\/revisions"}],"predecessor-version":[{"id":275,"href":"https:\/\/thinkandfood.com\/es\/wp-json\/wp\/v2\/pages\/274\/revisions\/275"}],"wp:attachment":[{"href":"https:\/\/thinkandfood.com\/es\/wp-json\/wp\/v2\/media?parent=274"}],"curies":[{"name":"wp","href":"https:\/\/api.w.org\/{rel}","templated":true}]}}